{"id":2699,"date":"2025-08-28T18:19:27","date_gmt":"2025-08-28T23:19:27","guid":{"rendered":"https:\/\/mgindusol.com\/?post_type=product&#038;p=2699"},"modified":"2025-08-28T23:35:08","modified_gmt":"2025-08-29T04:35:08","slug":"sistema-integrado-de-tamano-compacto-en","status":"publish","type":"product","link":"https:\/\/mgindusol.com\/en\/producto\/sistema-integrado-de-tamano-compacto-en\/","title":{"rendered":"Sistema integrado de tama\u00f1o compacto (en)"},"content":{"rendered":"<p>IEI, el proveedor l\u00edder de sistemas integrados contin\u00faa extendiendo la huella del producto desde el nivel de componente hasta el servicio de integraci\u00f3n del sistema. Nuestro s\u00f3lido conocimiento del mercado y la innovaci\u00f3n tecnol\u00f3gica ofrece confiabilidad, flexibilidad e interoperabilidad para todos nuestros productos integrados con opciones de tama\u00f1o, rendimiento y caracter\u00edsticas.<\/p>\n","protected":false},"excerpt":{"rendered":"<ul>\n<li>Admite memoria ECC y CPU variada<\/li>\n<li>Gran flexibilidad de expansi\u00f3n de hardware<\/li>\n<\/ul>\n","protected":false},"featured_media":2571,"template":"","meta":{"_acf_changed":false},"product_brand":[],"product_cat":[213],"product_tag":[],"class_list":{"0":"post-2699","1":"product","2":"type-product","3":"status-publish","4":"has-post-thumbnail","6":"product_cat-industrial-automation","8":"first","9":"instock","10":"shipping-taxable","11":"product-type-simple"},"acf":[],"_links":{"self":[{"href":"https:\/\/mgindusol.com\/en\/wp-json\/wp\/v2\/product\/2699","targetHints":{"allow":["GET"]}}],"collection":[{"href":"https:\/\/mgindusol.com\/en\/wp-json\/wp\/v2\/product"}],"about":[{"href":"https:\/\/mgindusol.com\/en\/wp-json\/wp\/v2\/types\/product"}],"version-history":[{"count":2,"href":"https:\/\/mgindusol.com\/en\/wp-json\/wp\/v2\/product\/2699\/revisions"}],"predecessor-version":[{"id":2732,"href":"https:\/\/mgindusol.com\/en\/wp-json\/wp\/v2\/product\/2699\/revisions\/2732"}],"wp:featuredmedia":[{"embeddable":true,"href":"https:\/\/mgindusol.com\/en\/wp-json\/wp\/v2\/media\/2571"}],"wp:attachment":[{"href":"https:\/\/mgindusol.com\/en\/wp-json\/wp\/v2\/media?parent=2699"}],"wp:term":[{"taxonomy":"product_brand","embeddable":true,"href":"https:\/\/mgindusol.com\/en\/wp-json\/wp\/v2\/product_brand?post=2699"},{"taxonomy":"product_cat","embeddable":true,"href":"https:\/\/mgindusol.com\/en\/wp-json\/wp\/v2\/product_cat?post=2699"},{"taxonomy":"product_tag","embeddable":true,"href":"https:\/\/mgindusol.com\/en\/wp-json\/wp\/v2\/product_tag?post=2699"}],"curies":[{"name":"wp","href":"https:\/\/api.w.org\/{rel}","templated":true}]}}