{"id":2731,"date":"2025-08-28T18:19:02","date_gmt":"2025-08-28T23:19:02","guid":{"rendered":"https:\/\/mgindusol.com\/?post_type=product&#038;p=2731"},"modified":"2025-08-28T23:39:27","modified_gmt":"2025-08-29T04:39:27","slug":"serie-flex-en","status":"publish","type":"product","link":"https:\/\/mgindusol.com\/en\/producto\/serie-flex-en\/","title":{"rendered":"Serie FLEX (en)"},"content":{"rendered":"<p>El FLEX-BX200 es un sistema listo para hardware de IA ideal para la computaci\u00f3n de inferencia de aprendizaje profundo para ayudarlo a obtener informaci\u00f3n m\u00e1s r\u00e1pida y profunda sobre sus clientes y su negocio.<\/p>\n<p>El FLEX-BX200 de IEI admite tarjetas gr\u00e1ficas, tarjetas de aceleraci\u00f3n Intel FPGA y tarjetas de aceleraci\u00f3n Intel VPU, y proporciona potencia computacional adicional m\u00e1s una soluci\u00f3n integral para ejecutar sus tareas de manera m\u00e1s eficiente. Con el kit de herramientas de desarrollo NVIDIA TensorRT, QNAP QuAI e Intel OpenVINO AI, puede ayudarlo a implementar sus soluciones m\u00e1s r\u00e1pido que nunca.<\/p>\n<p>IEI, el proveedor l\u00edder de sistemas integrados contin\u00faa extendiendo la huella del producto desde el nivel de componente hasta el servicio de integraci\u00f3n del sistema. Nuestro s\u00f3lido conocimiento del mercado y la innovaci\u00f3n tecnol\u00f3gica ofrece confiabilidad, flexibilidad e interoperabilidad para todos nuestros productos integrados con opciones de tama\u00f1o, rendimiento y caracter\u00edsticas.<\/p>\n","protected":false},"excerpt":{"rendered":"<p>El FLEX-BX200 es un sistema listo para hardware de IA ideal para la computaci\u00f3n de inferencia de aprendizaje profundo para ayudarlo a obtener informaci\u00f3n m\u00e1s r\u00e1pida y profunda sobre sus clientes y su negocio.<\/p>\n","protected":false},"featured_media":2565,"template":"","meta":{"_acf_changed":false},"product_brand":[],"product_cat":[213],"product_tag":[],"class_list":{"0":"post-2731","1":"product","2":"type-product","3":"status-publish","4":"has-post-thumbnail","6":"product_cat-industrial-automation","8":"first","9":"instock","10":"shipping-taxable","11":"product-type-simple"},"acf":[],"_links":{"self":[{"href":"https:\/\/mgindusol.com\/en\/wp-json\/wp\/v2\/product\/2731","targetHints":{"allow":["GET"]}}],"collection":[{"href":"https:\/\/mgindusol.com\/en\/wp-json\/wp\/v2\/product"}],"about":[{"href":"https:\/\/mgindusol.com\/en\/wp-json\/wp\/v2\/types\/product"}],"version-history":[{"count":1,"href":"https:\/\/mgindusol.com\/en\/wp-json\/wp\/v2\/product\/2731\/revisions"}],"predecessor-version":[{"id":2733,"href":"https:\/\/mgindusol.com\/en\/wp-json\/wp\/v2\/product\/2731\/revisions\/2733"}],"wp:featuredmedia":[{"embeddable":true,"href":"https:\/\/mgindusol.com\/en\/wp-json\/wp\/v2\/media\/2565"}],"wp:attachment":[{"href":"https:\/\/mgindusol.com\/en\/wp-json\/wp\/v2\/media?parent=2731"}],"wp:term":[{"taxonomy":"product_brand","embeddable":true,"href":"https:\/\/mgindusol.com\/en\/wp-json\/wp\/v2\/product_brand?post=2731"},{"taxonomy":"product_cat","embeddable":true,"href":"https:\/\/mgindusol.com\/en\/wp-json\/wp\/v2\/product_cat?post=2731"},{"taxonomy":"product_tag","embeddable":true,"href":"https:\/\/mgindusol.com\/en\/wp-json\/wp\/v2\/product_tag?post=2731"}],"curies":[{"name":"wp","href":"https:\/\/api.w.org\/{rel}","templated":true}]}}